{"id":366,"date":"2013-07-28T12:34:19","date_gmt":"2013-07-28T12:34:19","guid":{"rendered":"http:\/\/www.kd-krim.si\/wp\/?page_id=366"},"modified":"2026-01-07T14:32:18","modified_gmt":"2026-01-07T13:32:18","slug":"tanja-urbancic","status":"publish","type":"page","link":"https:\/\/www.kd-krim.si\/wp\/tanja-urbancic\/","title":{"rendered":"Tanja Urban\u010di\u010d"},"content":{"rendered":"<p><strong><a href=\"http:\/\/www.kd-krim.si\/wp\/wp-content\/uploads\/2013\/07\/Tanja_Urbancic.png\"><img loading=\"lazy\" decoding=\"async\" class=\" wp-image-3366 alignleft\" src=\"http:\/\/www.kd-krim.si\/wp\/wp-content\/uploads\/2013\/07\/Tanja_Urbancic.png\" alt=\"Tanja_Urbancic\" width=\"160\" height=\"152\"><\/a>Te\u010daji:<\/strong><br \/>\n<a title=\"Osnovno \u0161olanje A\" href=\"http:\/\/www.kd-krim.si\/wp\/solanje\/osnovno-solanje-a\/\">Osnovno \u0161olanje<\/a><br \/>\n<a title=\"Agility\" href=\"http:\/\/www.kd-krim.si\/wp\/sport\/agility\/\">Agility<\/a><\/p>\n<p><strong>\u010cas in\u0161truiranja<\/strong>: od leta 2010<\/p>\n<p><strong>Dose\u017eki s psi:<\/strong><\/p>\n<p>pes<br \/>\n<strong>Blade Runner Garlin alias Bobby<\/strong>, Staffordshire Bull Terrier:<br \/>\nB-BH, RO-1, RO-2, RO-3 in RO-4, Agility<\/p>\n<p>pes<br \/>\n<strong>The Taskmaster Soan of Fire alias Piki<\/strong>, Staffordshire Bull Terrier:<br \/>\nB-BH, IBGH1, IBGH2, RO-1, RO-2, RO-3, Agility<\/p>\n","protected":false},"excerpt":{"rendered":"<p>Te\u010daji: Osnovno \u0161olanje Agility \u010cas in\u0161truiranja: od leta 2010 Dose\u017eki s psi: pes Blade Runner Garlin alias Bobby, Staffordshire Bull Terrier: B-BH, RO-1, RO-2, RO-3 in RO-4, Agility pes The Taskmaster Soan of Fire alias Piki, Staffordshire Bull Terrier: B-BH, IBGH1, IBGH2, RO-1, RO-2, RO-3, Agility<\/p>\n","protected":false},"author":1,"featured_media":0,"parent":0,"menu_order":0,"comment_status":"closed","ping_status":"open","template":"","meta":{"_monsterinsights_skip_tracking":false,"_monsterinsights_sitenote_active":false,"_monsterinsights_sitenote_note":"","_monsterinsights_sitenote_category":0,"ngg_post_thumbnail":0,"footnotes":""},"class_list":["post-366","page","type-page","status-publish","hentry"],"yoast_head":"<!-- This site is optimized with the Yoast SEO plugin v27.6 - https:\/\/yoast.com\/product\/yoast-seo-wordpress\/ -->\n<title>Tanja Urban\u010di\u010d - \u0160KD KRIM<\/title>\n<meta name=\"robots\" content=\"index, follow, max-snippet:-1, max-image-preview:large, max-video-preview:-1\" \/>\n<link rel=\"canonical\" href=\"https:\/\/www.kd-krim.si\/wp\/tanja-urbancic\/\" \/>\n<meta property=\"og:locale\" content=\"sl_SI\" \/>\n<meta property=\"og:type\" content=\"article\" \/>\n<meta property=\"og:title\" content=\"Tanja Urban\u010di\u010d - \u0160KD KRIM\" \/>\n<meta property=\"og:description\" content=\"Te\u010daji: Osnovno \u0161olanje Agility \u010cas in\u0161truiranja: od leta 2010 Dose\u017eki s psi: pes Blade Runner Garlin alias Bobby, Staffordshire Bull Terrier: B-BH, RO-1, RO-2, RO-3 in RO-4, Agility pes The Taskmaster Soan of Fire alias Piki, Staffordshire Bull Terrier: B-BH, IBGH1, IBGH2, RO-1, RO-2, RO-3, Agility\" \/>\n<meta property=\"og:url\" content=\"https:\/\/www.kd-krim.si\/wp\/tanja-urbancic\/\" \/>\n<meta property=\"og:site_name\" content=\"\u0160KD KRIM\" \/>\n<meta property=\"article:publisher\" content=\"https:\/\/www.facebook.com\/skdkrim\/\" \/>\n<meta property=\"article:modified_time\" content=\"2026-01-07T13:32:18+00:00\" \/>\n<meta property=\"og:image\" content=\"https:\/\/www.kd-krim.si\/wp\/wp-content\/uploads\/2013\/07\/Tanja_Urbancic.png\" \/>\n\t<meta property=\"og:image:width\" content=\"160\" \/>\n\t<meta property=\"og:image:height\" content=\"142\" \/>\n\t<meta property=\"og:image:type\" content=\"image\/png\" \/>\n<meta name=\"twitter:card\" content=\"summary_large_image\" \/>\n<meta name=\"twitter:label1\" content=\"Est. reading time\" \/>\n\t<meta name=\"twitter:data1\" content=\"1 minuta\" \/>\n<script type=\"application\/ld+json\" class=\"yoast-schema-graph\">{\"@context\":\"https:\\\/\\\/schema.org\",\"@graph\":[{\"@type\":\"WebPage\",\"@id\":\"https:\\\/\\\/www.kd-krim.si\\\/wp\\\/tanja-urbancic\\\/\",\"url\":\"https:\\\/\\\/www.kd-krim.si\\\/wp\\\/tanja-urbancic\\\/\",\"name\":\"Tanja Urban\u010di\u010d - \u0160KD KRIM\",\"isPartOf\":{\"@id\":\"https:\\\/\\\/www.kd-krim.si\\\/wp\\\/#website\"},\"primaryImageOfPage\":{\"@id\":\"https:\\\/\\\/www.kd-krim.si\\\/wp\\\/tanja-urbancic\\\/#primaryimage\"},\"image\":{\"@id\":\"https:\\\/\\\/www.kd-krim.si\\\/wp\\\/tanja-urbancic\\\/#primaryimage\"},\"thumbnailUrl\":\"http:\\\/\\\/www.kd-krim.si\\\/wp\\\/wp-content\\\/uploads\\\/2013\\\/07\\\/Tanja_Urbancic.png\",\"datePublished\":\"2013-07-28T12:34:19+00:00\",\"dateModified\":\"2026-01-07T13:32:18+00:00\",\"breadcrumb\":{\"@id\":\"https:\\\/\\\/www.kd-krim.si\\\/wp\\\/tanja-urbancic\\\/#breadcrumb\"},\"inLanguage\":\"sl-SI\",\"potentialAction\":[{\"@type\":\"ReadAction\",\"target\":[\"https:\\\/\\\/www.kd-krim.si\\\/wp\\\/tanja-urbancic\\\/\"]}]},{\"@type\":\"ImageObject\",\"inLanguage\":\"sl-SI\",\"@id\":\"https:\\\/\\\/www.kd-krim.si\\\/wp\\\/tanja-urbancic\\\/#primaryimage\",\"url\":\"http:\\\/\\\/www.kd-krim.si\\\/wp\\\/wp-content\\\/uploads\\\/2013\\\/07\\\/Tanja_Urbancic.png\",\"contentUrl\":\"http:\\\/\\\/www.kd-krim.si\\\/wp\\\/wp-content\\\/uploads\\\/2013\\\/07\\\/Tanja_Urbancic.png\"},{\"@type\":\"BreadcrumbList\",\"@id\":\"https:\\\/\\\/www.kd-krim.si\\\/wp\\\/tanja-urbancic\\\/#breadcrumb\",\"itemListElement\":[{\"@type\":\"ListItem\",\"position\":1,\"name\":\"Home\",\"item\":\"https:\\\/\\\/www.kd-krim.si\\\/wp\\\/\"},{\"@type\":\"ListItem\",\"position\":2,\"name\":\"Tanja Urban\u010di\u010d\"}]},{\"@type\":\"WebSite\",\"@id\":\"https:\\\/\\\/www.kd-krim.si\\\/wp\\\/#website\",\"url\":\"https:\\\/\\\/www.kd-krim.si\\\/wp\\\/\",\"name\":\"\u0160KD KRIM\",\"description\":\"\u0160portno kinolo\u0161ko dru\u0161tvo Krim\",\"publisher\":{\"@id\":\"https:\\\/\\\/www.kd-krim.si\\\/wp\\\/#organization\"},\"potentialAction\":[{\"@type\":\"SearchAction\",\"target\":{\"@type\":\"EntryPoint\",\"urlTemplate\":\"https:\\\/\\\/www.kd-krim.si\\\/wp\\\/?s={search_term_string}\"},\"query-input\":{\"@type\":\"PropertyValueSpecification\",\"valueRequired\":true,\"valueName\":\"search_term_string\"}}],\"inLanguage\":\"sl-SI\"},{\"@type\":\"Organization\",\"@id\":\"https:\\\/\\\/www.kd-krim.si\\\/wp\\\/#organization\",\"name\":\"\u0160KD Krim\",\"url\":\"https:\\\/\\\/www.kd-krim.si\\\/wp\\\/\",\"logo\":{\"@type\":\"ImageObject\",\"inLanguage\":\"sl-SI\",\"@id\":\"https:\\\/\\\/www.kd-krim.si\\\/wp\\\/#\\\/schema\\\/logo\\\/image\\\/\",\"url\":\"https:\\\/\\\/www.kd-krim.si\\\/wp\\\/wp-content\\\/uploads\\\/2018\\\/02\\\/logoskdkrim.png\",\"contentUrl\":\"https:\\\/\\\/www.kd-krim.si\\\/wp\\\/wp-content\\\/uploads\\\/2018\\\/02\\\/logoskdkrim.png\",\"width\":162,\"height\":184,\"caption\":\"\u0160KD Krim\"},\"image\":{\"@id\":\"https:\\\/\\\/www.kd-krim.si\\\/wp\\\/#\\\/schema\\\/logo\\\/image\\\/\"},\"sameAs\":[\"https:\\\/\\\/www.facebook.com\\\/skdkrim\\\/\"]}]}<\/script>\n<!-- \/ Yoast SEO plugin. -->","yoast_head_json":{"title":"Tanja Urban\u010di\u010d - \u0160KD KRIM","robots":{"index":"index","follow":"follow","max-snippet":"max-snippet:-1","max-image-preview":"max-image-preview:large","max-video-preview":"max-video-preview:-1"},"canonical":"https:\/\/www.kd-krim.si\/wp\/tanja-urbancic\/","og_locale":"sl_SI","og_type":"article","og_title":"Tanja Urban\u010di\u010d - \u0160KD KRIM","og_description":"Te\u010daji: Osnovno \u0161olanje Agility \u010cas in\u0161truiranja: od leta 2010 Dose\u017eki s psi: pes Blade Runner Garlin alias Bobby, Staffordshire Bull Terrier: B-BH, RO-1, RO-2, RO-3 in RO-4, Agility pes The Taskmaster Soan of Fire alias Piki, Staffordshire Bull Terrier: B-BH, IBGH1, IBGH2, RO-1, RO-2, RO-3, Agility","og_url":"https:\/\/www.kd-krim.si\/wp\/tanja-urbancic\/","og_site_name":"\u0160KD KRIM","article_publisher":"https:\/\/www.facebook.com\/skdkrim\/","article_modified_time":"2026-01-07T13:32:18+00:00","og_image":[{"width":160,"height":142,"url":"https:\/\/www.kd-krim.si\/wp\/wp-content\/uploads\/2013\/07\/Tanja_Urbancic.png","type":"image\/png"}],"twitter_card":"summary_large_image","twitter_misc":{"Est. reading time":"1 minuta"},"schema":{"@context":"https:\/\/schema.org","@graph":[{"@type":"WebPage","@id":"https:\/\/www.kd-krim.si\/wp\/tanja-urbancic\/","url":"https:\/\/www.kd-krim.si\/wp\/tanja-urbancic\/","name":"Tanja Urban\u010di\u010d - \u0160KD KRIM","isPartOf":{"@id":"https:\/\/www.kd-krim.si\/wp\/#website"},"primaryImageOfPage":{"@id":"https:\/\/www.kd-krim.si\/wp\/tanja-urbancic\/#primaryimage"},"image":{"@id":"https:\/\/www.kd-krim.si\/wp\/tanja-urbancic\/#primaryimage"},"thumbnailUrl":"http:\/\/www.kd-krim.si\/wp\/wp-content\/uploads\/2013\/07\/Tanja_Urbancic.png","datePublished":"2013-07-28T12:34:19+00:00","dateModified":"2026-01-07T13:32:18+00:00","breadcrumb":{"@id":"https:\/\/www.kd-krim.si\/wp\/tanja-urbancic\/#breadcrumb"},"inLanguage":"sl-SI","potentialAction":[{"@type":"ReadAction","target":["https:\/\/www.kd-krim.si\/wp\/tanja-urbancic\/"]}]},{"@type":"ImageObject","inLanguage":"sl-SI","@id":"https:\/\/www.kd-krim.si\/wp\/tanja-urbancic\/#primaryimage","url":"http:\/\/www.kd-krim.si\/wp\/wp-content\/uploads\/2013\/07\/Tanja_Urbancic.png","contentUrl":"http:\/\/www.kd-krim.si\/wp\/wp-content\/uploads\/2013\/07\/Tanja_Urbancic.png"},{"@type":"BreadcrumbList","@id":"https:\/\/www.kd-krim.si\/wp\/tanja-urbancic\/#breadcrumb","itemListElement":[{"@type":"ListItem","position":1,"name":"Home","item":"https:\/\/www.kd-krim.si\/wp\/"},{"@type":"ListItem","position":2,"name":"Tanja Urban\u010di\u010d"}]},{"@type":"WebSite","@id":"https:\/\/www.kd-krim.si\/wp\/#website","url":"https:\/\/www.kd-krim.si\/wp\/","name":"\u0160KD KRIM","description":"\u0160portno kinolo\u0161ko dru\u0161tvo Krim","publisher":{"@id":"https:\/\/www.kd-krim.si\/wp\/#organization"},"potentialAction":[{"@type":"SearchAction","target":{"@type":"EntryPoint","urlTemplate":"https:\/\/www.kd-krim.si\/wp\/?s={search_term_string}"},"query-input":{"@type":"PropertyValueSpecification","valueRequired":true,"valueName":"search_term_string"}}],"inLanguage":"sl-SI"},{"@type":"Organization","@id":"https:\/\/www.kd-krim.si\/wp\/#organization","name":"\u0160KD Krim","url":"https:\/\/www.kd-krim.si\/wp\/","logo":{"@type":"ImageObject","inLanguage":"sl-SI","@id":"https:\/\/www.kd-krim.si\/wp\/#\/schema\/logo\/image\/","url":"https:\/\/www.kd-krim.si\/wp\/wp-content\/uploads\/2018\/02\/logoskdkrim.png","contentUrl":"https:\/\/www.kd-krim.si\/wp\/wp-content\/uploads\/2018\/02\/logoskdkrim.png","width":162,"height":184,"caption":"\u0160KD Krim"},"image":{"@id":"https:\/\/www.kd-krim.si\/wp\/#\/schema\/logo\/image\/"},"sameAs":["https:\/\/www.facebook.com\/skdkrim\/"]}]}},"_links":{"self":[{"href":"https:\/\/www.kd-krim.si\/wp\/wp-json\/wp\/v2\/pages\/366","targetHints":{"allow":["GET"]}}],"collection":[{"href":"https:\/\/www.kd-krim.si\/wp\/wp-json\/wp\/v2\/pages"}],"about":[{"href":"https:\/\/www.kd-krim.si\/wp\/wp-json\/wp\/v2\/types\/page"}],"author":[{"embeddable":true,"href":"https:\/\/www.kd-krim.si\/wp\/wp-json\/wp\/v2\/users\/1"}],"replies":[{"embeddable":true,"href":"https:\/\/www.kd-krim.si\/wp\/wp-json\/wp\/v2\/comments?post=366"}],"version-history":[{"count":12,"href":"https:\/\/www.kd-krim.si\/wp\/wp-json\/wp\/v2\/pages\/366\/revisions"}],"predecessor-version":[{"id":4983,"href":"https:\/\/www.kd-krim.si\/wp\/wp-json\/wp\/v2\/pages\/366\/revisions\/4983"}],"wp:attachment":[{"href":"https:\/\/www.kd-krim.si\/wp\/wp-json\/wp\/v2\/media?parent=366"}],"curies":[{"name":"wp","href":"https:\/\/api.w.org\/{rel}","templated":true}]}}