{"id":3806,"date":"2014-03-28T11:29:57","date_gmt":"2014-03-28T11:29:57","guid":{"rendered":"http:\/\/www.kd-krim.si\/wp\/?page_id=3806"},"modified":"2020-01-04T17:35:30","modified_gmt":"2020-01-04T16:35:30","slug":"kje-smo","status":"publish","type":"page","link":"https:\/\/www.kd-krim.si\/wp\/kje-smo\/","title":{"rendered":"Kje smo"},"content":{"rendered":"<p><strong>Kako do na\u0161ega poligona:<\/strong><\/p>\n<p>a) Kadar zapeljete proti Sneberjam (smer Nove Jar\u0161e) z obvoznice pri novem \u0161entjakobskem mostu, zavijete desno tik pred prvo hi\u0161o v za\u010detku naselja Sneberje (takoj za koncem prometne ograje). Po nekaj deset metrih zavijete pri zapornici z asfalta levo na makadam, od tu pa kar naravnost do vadi\u0161\u010da.<\/p>\n<p>b) Lahko pa tudi zapustite obvoznico pri izvozu Nove Jar\u0161e, zavijete na \u0160martinsko cesto v smeri proti Savi, pre\u010dkate Sneberje in za zadnjo hi\u0161o na koncu naselja, pred prometnim ogledalom zavijete levo. Po nekaj deset metrih zavijete pri zapornici z asfalta levo na makadam, od tu pa kar naravnost do vadi\u0161\u010da.<\/p>\n<p>c) N 46o 04.942&#8242; ; E 014o 34.032&#8242;<\/p>\n<p>d) <a href=\"https:\/\/goo.gl\/maps\/1ACBzNCW9ur\">Google maps<\/a><\/p>\n\n\n<iframe loading=\"lazy\" src=\"https:\/\/www.google.com\/maps\/embed?pb=!1m18!1m12!1m3!1d2767.4207537667544!2d14.564680115941519!3d46.08258997911317!2m3!1f0!2f0!3f0!3m2!1i1024!2i768!4f13.1!3m3!1m2!1s0x476533902717499b%3A0x3bddeb6f521fe472!2zxaBwb3J0bm8ga2lub2xvxaFrbyBkcnXFoXR2byBLcmlt!5e0!3m2!1sen!2ssi!4v1578155631959!5m2!1sen!2ssi\" width=\"600\" height=\"450\" frameborder=\"0\" style=\"border:0;\" allowfullscreen=\"\"><\/iframe>\n","protected":false},"excerpt":{"rendered":"<p>Kako do na\u0161ega poligona: a) Kadar zapeljete proti Sneberjam (smer Nove Jar\u0161e) z obvoznice pri novem \u0161entjakobskem mostu, zavijete desno tik pred prvo hi\u0161o v za\u010detku naselja Sneberje (takoj za koncem prometne ograje). Po nekaj deset metrih zavijete pri zapornici z asfalta levo na makadam, od tu pa kar naravnost do vadi\u0161\u010da. b) Lahko pa tudi zapustite obvoznico pri izvozu &hellip;<\/p>\n","protected":false},"author":1,"featured_media":0,"parent":0,"menu_order":0,"comment_status":"closed","ping_status":"closed","template":"","meta":{"_monsterinsights_skip_tracking":false,"_monsterinsights_sitenote_active":false,"_monsterinsights_sitenote_note":"","_monsterinsights_sitenote_category":0,"ngg_post_thumbnail":0,"footnotes":""},"class_list":["post-3806","page","type-page","status-publish","hentry"],"yoast_head":"<!-- This site is optimized with the Yoast SEO plugin v27.5 - https:\/\/yoast.com\/product\/yoast-seo-wordpress\/ -->\n<title>Kje smo - \u0160KD KRIM<\/title>\n<meta name=\"robots\" content=\"index, follow, max-snippet:-1, max-image-preview:large, max-video-preview:-1\" \/>\n<link rel=\"canonical\" href=\"https:\/\/www.kd-krim.si\/wp\/kje-smo\/\" \/>\n<meta property=\"og:locale\" content=\"sl_SI\" \/>\n<meta property=\"og:type\" content=\"article\" \/>\n<meta property=\"og:title\" content=\"Kje smo - \u0160KD KRIM\" \/>\n<meta property=\"og:description\" content=\"Kako do na\u0161ega poligona: a) Kadar zapeljete proti Sneberjam (smer Nove Jar\u0161e) z obvoznice pri novem \u0161entjakobskem mostu, zavijete desno tik pred prvo hi\u0161o v za\u010detku naselja Sneberje (takoj za koncem prometne ograje). Po nekaj deset metrih zavijete pri zapornici z asfalta levo na makadam, od tu pa kar naravnost do vadi\u0161\u010da. b) Lahko pa tudi zapustite obvoznico pri izvozu &hellip;\" \/>\n<meta property=\"og:url\" content=\"https:\/\/www.kd-krim.si\/wp\/kje-smo\/\" \/>\n<meta property=\"og:site_name\" content=\"\u0160KD KRIM\" \/>\n<meta property=\"article:publisher\" content=\"https:\/\/www.facebook.com\/skdkrim\/\" \/>\n<meta property=\"article:modified_time\" content=\"2020-01-04T16:35:30+00:00\" \/>\n<meta name=\"twitter:card\" content=\"summary_large_image\" \/>\n<meta name=\"twitter:label1\" content=\"Est. reading time\" \/>\n\t<meta name=\"twitter:data1\" content=\"1 minuta\" \/>\n<script type=\"application\/ld+json\" class=\"yoast-schema-graph\">{\"@context\":\"https:\\\/\\\/schema.org\",\"@graph\":[{\"@type\":\"WebPage\",\"@id\":\"https:\\\/\\\/www.kd-krim.si\\\/wp\\\/kje-smo\\\/\",\"url\":\"https:\\\/\\\/www.kd-krim.si\\\/wp\\\/kje-smo\\\/\",\"name\":\"Kje smo - \u0160KD KRIM\",\"isPartOf\":{\"@id\":\"https:\\\/\\\/www.kd-krim.si\\\/wp\\\/#website\"},\"datePublished\":\"2014-03-28T11:29:57+00:00\",\"dateModified\":\"2020-01-04T16:35:30+00:00\",\"breadcrumb\":{\"@id\":\"https:\\\/\\\/www.kd-krim.si\\\/wp\\\/kje-smo\\\/#breadcrumb\"},\"inLanguage\":\"sl-SI\",\"potentialAction\":[{\"@type\":\"ReadAction\",\"target\":[\"https:\\\/\\\/www.kd-krim.si\\\/wp\\\/kje-smo\\\/\"]}]},{\"@type\":\"BreadcrumbList\",\"@id\":\"https:\\\/\\\/www.kd-krim.si\\\/wp\\\/kje-smo\\\/#breadcrumb\",\"itemListElement\":[{\"@type\":\"ListItem\",\"position\":1,\"name\":\"Home\",\"item\":\"https:\\\/\\\/www.kd-krim.si\\\/wp\\\/\"},{\"@type\":\"ListItem\",\"position\":2,\"name\":\"Kje smo\"}]},{\"@type\":\"WebSite\",\"@id\":\"https:\\\/\\\/www.kd-krim.si\\\/wp\\\/#website\",\"url\":\"https:\\\/\\\/www.kd-krim.si\\\/wp\\\/\",\"name\":\"\u0160KD KRIM\",\"description\":\"\u0160portno kinolo\u0161ko dru\u0161tvo Krim\",\"publisher\":{\"@id\":\"https:\\\/\\\/www.kd-krim.si\\\/wp\\\/#organization\"},\"potentialAction\":[{\"@type\":\"SearchAction\",\"target\":{\"@type\":\"EntryPoint\",\"urlTemplate\":\"https:\\\/\\\/www.kd-krim.si\\\/wp\\\/?s={search_term_string}\"},\"query-input\":{\"@type\":\"PropertyValueSpecification\",\"valueRequired\":true,\"valueName\":\"search_term_string\"}}],\"inLanguage\":\"sl-SI\"},{\"@type\":\"Organization\",\"@id\":\"https:\\\/\\\/www.kd-krim.si\\\/wp\\\/#organization\",\"name\":\"\u0160KD Krim\",\"url\":\"https:\\\/\\\/www.kd-krim.si\\\/wp\\\/\",\"logo\":{\"@type\":\"ImageObject\",\"inLanguage\":\"sl-SI\",\"@id\":\"https:\\\/\\\/www.kd-krim.si\\\/wp\\\/#\\\/schema\\\/logo\\\/image\\\/\",\"url\":\"https:\\\/\\\/www.kd-krim.si\\\/wp\\\/wp-content\\\/uploads\\\/2018\\\/02\\\/logoskdkrim.png\",\"contentUrl\":\"https:\\\/\\\/www.kd-krim.si\\\/wp\\\/wp-content\\\/uploads\\\/2018\\\/02\\\/logoskdkrim.png\",\"width\":162,\"height\":184,\"caption\":\"\u0160KD Krim\"},\"image\":{\"@id\":\"https:\\\/\\\/www.kd-krim.si\\\/wp\\\/#\\\/schema\\\/logo\\\/image\\\/\"},\"sameAs\":[\"https:\\\/\\\/www.facebook.com\\\/skdkrim\\\/\"]}]}<\/script>\n<!-- \/ Yoast SEO plugin. -->","yoast_head_json":{"title":"Kje smo - \u0160KD KRIM","robots":{"index":"index","follow":"follow","max-snippet":"max-snippet:-1","max-image-preview":"max-image-preview:large","max-video-preview":"max-video-preview:-1"},"canonical":"https:\/\/www.kd-krim.si\/wp\/kje-smo\/","og_locale":"sl_SI","og_type":"article","og_title":"Kje smo - \u0160KD KRIM","og_description":"Kako do na\u0161ega poligona: a) Kadar zapeljete proti Sneberjam (smer Nove Jar\u0161e) z obvoznice pri novem \u0161entjakobskem mostu, zavijete desno tik pred prvo hi\u0161o v za\u010detku naselja Sneberje (takoj za koncem prometne ograje). Po nekaj deset metrih zavijete pri zapornici z asfalta levo na makadam, od tu pa kar naravnost do vadi\u0161\u010da. b) Lahko pa tudi zapustite obvoznico pri izvozu &hellip;","og_url":"https:\/\/www.kd-krim.si\/wp\/kje-smo\/","og_site_name":"\u0160KD KRIM","article_publisher":"https:\/\/www.facebook.com\/skdkrim\/","article_modified_time":"2020-01-04T16:35:30+00:00","twitter_card":"summary_large_image","twitter_misc":{"Est. reading time":"1 minuta"},"schema":{"@context":"https:\/\/schema.org","@graph":[{"@type":"WebPage","@id":"https:\/\/www.kd-krim.si\/wp\/kje-smo\/","url":"https:\/\/www.kd-krim.si\/wp\/kje-smo\/","name":"Kje smo - \u0160KD KRIM","isPartOf":{"@id":"https:\/\/www.kd-krim.si\/wp\/#website"},"datePublished":"2014-03-28T11:29:57+00:00","dateModified":"2020-01-04T16:35:30+00:00","breadcrumb":{"@id":"https:\/\/www.kd-krim.si\/wp\/kje-smo\/#breadcrumb"},"inLanguage":"sl-SI","potentialAction":[{"@type":"ReadAction","target":["https:\/\/www.kd-krim.si\/wp\/kje-smo\/"]}]},{"@type":"BreadcrumbList","@id":"https:\/\/www.kd-krim.si\/wp\/kje-smo\/#breadcrumb","itemListElement":[{"@type":"ListItem","position":1,"name":"Home","item":"https:\/\/www.kd-krim.si\/wp\/"},{"@type":"ListItem","position":2,"name":"Kje smo"}]},{"@type":"WebSite","@id":"https:\/\/www.kd-krim.si\/wp\/#website","url":"https:\/\/www.kd-krim.si\/wp\/","name":"\u0160KD KRIM","description":"\u0160portno kinolo\u0161ko dru\u0161tvo Krim","publisher":{"@id":"https:\/\/www.kd-krim.si\/wp\/#organization"},"potentialAction":[{"@type":"SearchAction","target":{"@type":"EntryPoint","urlTemplate":"https:\/\/www.kd-krim.si\/wp\/?s={search_term_string}"},"query-input":{"@type":"PropertyValueSpecification","valueRequired":true,"valueName":"search_term_string"}}],"inLanguage":"sl-SI"},{"@type":"Organization","@id":"https:\/\/www.kd-krim.si\/wp\/#organization","name":"\u0160KD Krim","url":"https:\/\/www.kd-krim.si\/wp\/","logo":{"@type":"ImageObject","inLanguage":"sl-SI","@id":"https:\/\/www.kd-krim.si\/wp\/#\/schema\/logo\/image\/","url":"https:\/\/www.kd-krim.si\/wp\/wp-content\/uploads\/2018\/02\/logoskdkrim.png","contentUrl":"https:\/\/www.kd-krim.si\/wp\/wp-content\/uploads\/2018\/02\/logoskdkrim.png","width":162,"height":184,"caption":"\u0160KD Krim"},"image":{"@id":"https:\/\/www.kd-krim.si\/wp\/#\/schema\/logo\/image\/"},"sameAs":["https:\/\/www.facebook.com\/skdkrim\/"]}]}},"_links":{"self":[{"href":"https:\/\/www.kd-krim.si\/wp\/wp-json\/wp\/v2\/pages\/3806","targetHints":{"allow":["GET"]}}],"collection":[{"href":"https:\/\/www.kd-krim.si\/wp\/wp-json\/wp\/v2\/pages"}],"about":[{"href":"https:\/\/www.kd-krim.si\/wp\/wp-json\/wp\/v2\/types\/page"}],"author":[{"embeddable":true,"href":"https:\/\/www.kd-krim.si\/wp\/wp-json\/wp\/v2\/users\/1"}],"replies":[{"embeddable":true,"href":"https:\/\/www.kd-krim.si\/wp\/wp-json\/wp\/v2\/comments?post=3806"}],"version-history":[{"count":5,"href":"https:\/\/www.kd-krim.si\/wp\/wp-json\/wp\/v2\/pages\/3806\/revisions"}],"predecessor-version":[{"id":4822,"href":"https:\/\/www.kd-krim.si\/wp\/wp-json\/wp\/v2\/pages\/3806\/revisions\/4822"}],"wp:attachment":[{"href":"https:\/\/www.kd-krim.si\/wp\/wp-json\/wp\/v2\/media?parent=3806"}],"curies":[{"name":"wp","href":"https:\/\/api.w.org\/{rel}","templated":true}]}}