{"id":4569,"date":"2018-02-17T16:58:00","date_gmt":"2018-02-17T15:58:00","guid":{"rendered":"https:\/\/www.kd-krim.si\/wp\/?page_id=4569"},"modified":"2018-02-17T16:58:00","modified_gmt":"2018-02-17T15:58:00","slug":"ekipa-skd-krim","status":"publish","type":"page","link":"https:\/\/www.kd-krim.si\/wp\/ekipa-skd-krim\/","title":{"rendered":"Ekipa \u0160KD Krim"},"content":{"rendered":"<div class=\"tmm tmm_instruktorji\"><div class=\"tmm_3_columns tmm_wrap tmm_plugin_f\"><span class=\"tmm_two_containers_tablet\"><\/span><div class=\"tmm_container\"><div class=\"tmm_member\" style=\"border-top:#333333 solid 5px;\"><div class=\"tmm_photo tmm_pic_instruktorji_0\" style=\"background: url(https:\/\/www.kd-krim.si\/wp\/wp-content\/uploads\/2013\/07\/katja_dermol.jpg); margin-left: auto; margin-right:auto; background-size:cover !important;\"><\/div><div class=\"tmm_textblock\"><div class=\"tmm_names\"><span class=\"tmm_fname\">Katja<\/span> <span class=\"tmm_lname\">Dermol<\/span><\/div><div class=\"tmm_desc\" style=\"text-align:center\">Te\u010daji:\r\nAgility,\r\nOsnovno \u0161olanje BBh\r\n\u010cas in\u0161truiranja: od leta 2000\r\n  \r\nDose\u017eki s psi:\r\npes\r\nShadow of aire Eagle wings alias Link, airedale terrier:\r\nB izpit, RO-I, RO-II, RO-III in RO-IV, Agility A1, Agility A2\r\npsica\r\nMalham cove A queen of roses alias Queeny, airedale terrier:\r\nBBh izpit, RO-I, agility, sled, predstavljanje psov in pravilnega kontakta z njimi v vrtcih in \u0161olah<\/div><div class=\"tmm_scblock\"><\/div><\/div><\/div><div class=\"tmm_member\" style=\"border-top:#333333 solid 5px;\"><div class=\"tmm_photo tmm_pic_instruktorji_1\" style=\"background: url(https:\/\/www.kd-krim.si\/wp\/wp-content\/uploads\/2009\/12\/small_ilona_penzes.png); margin-left: auto; margin-right:auto; background-size:cover !important;\"><\/div><div class=\"tmm_textblock\"><div class=\"tmm_names\"><span class=\"tmm_fname\">Ilona<\/span> <span class=\"tmm_lname\">Penze\u0161<\/span><\/div><div class=\"tmm_desc\" style=\"text-align:center\">Te\u010daji:\r\nMala \u0161ola,\r\nOsnovno \u0161olanje A,\r\nOsnovno \u0161olanje BBh\r\n\u010cas in\u0161truiranja: od leta 2005\r\nDose\u017eki s psi:\r\npsica Bam Bam, horjul\u010dica:\r\nBBh izpit<\/div><div class=\"tmm_scblock\"><\/div><\/div><\/div><span class=\"tmm_two_containers_tablet\"><\/span><div class=\"tmm_member\" style=\"border-top:#333333 solid 5px;\"><div class=\"tmm_photo tmm_pic_instruktorji_2\" style=\"background: url(https:\/\/www.kd-krim.si\/wp\/wp-content\/uploads\/2013\/07\/Tanja_Urbancic.png); margin-left: auto; margin-right:auto; background-size:cover !important;\"><\/div><div class=\"tmm_textblock\"><div class=\"tmm_names\"><span class=\"tmm_fname\">Tanja<\/span> <span class=\"tmm_lname\">Urban\u010di\u010d<\/span><\/div><div class=\"tmm_desc\" style=\"text-align:center\">Te\u010daji:\r\nOsnovno \u0161olanje A,\r\nOsnovno \u0161olanje BBH,\r\nRally Obedience,\r\nAgility\r\n\u010cas in\u0161truiranja: od leta 2010\r\n\r\nDose\u017eki s psi:\r\npes Bobby, Staffordshire Bull Terrier:\r\nBBh izpit, RO-I, RO-II, RO-III in RO-IV, Agility A1<\/div><div class=\"tmm_scblock\"><\/div><\/div><\/div><\/div><span class=\"tmm_columns_containers_desktop\"><\/span><div class=\"tmm_container\"><div class=\"tmm_member\" style=\"border-top:#333333 solid 5px;\"><div class=\"tmm_photo tmm_pic_instruktorji_3\" style=\"background: url(https:\/\/www.kd-krim.si\/wp\/wp-content\/uploads\/2018\/02\/small_vera-mikolic.jpg); margin-left: auto; margin-right:auto; background-size:cover !important;\"><\/div><div class=\"tmm_textblock\"><div class=\"tmm_names\"><span class=\"tmm_fname\">Vera<\/span> <span class=\"tmm_lname\">Mikoli\u010d<\/span><\/div><div class=\"tmm_desc\" style=\"text-align:center\">\u010dlanica ERP \u0160KD Krim od: nekdaj! pes: Bingo (Bingo z Da\u0161ickeho zati\u0161i)pole\u017een: 16.4.2019<\/div><div class=\"tmm_scblock\"><\/div><\/div><\/div><span class=\"tmm_two_containers_tablet\"><\/span><div class=\"tmm_member\" style=\"border-top:#333333 solid 5px;\"><div class=\"tmm_photo tmm_pic_instruktorji_4\" style=\"background: url(https:\/\/www.kd-krim.si\/wp\/wp-content\/uploads\/2018\/02\/small_jani-kraljic-zila.jpg); margin-left: auto; margin-right:auto; background-size:cover !important;\"><\/div><div class=\"tmm_textblock\"><div class=\"tmm_names\"><span class=\"tmm_fname\">Jani<\/span> <span class=\"tmm_lname\">Kralji\u010d<\/span><\/div><div class=\"tmm_desc\" style=\"text-align:center\">\u010dlan ERP \u0160KD Krim od: 2005 psi\u010dka: Zila (Kornay Hunting Zila) pole\u017eena: 05.08.2015 opravljeni izpiti: BBH, IRP-PO\/1, IRP-PO\/2, IRP-R\/1, IRP-R\/2, IRP-L\/1 <\/div><div class=\"tmm_scblock\"><\/div><\/div><\/div><div style=\"clear:both;\"><\/div><\/div><\/div><\/div>\n","protected":false},"excerpt":{"rendered":"","protected":false},"author":8,"featured_media":0,"parent":0,"menu_order":0,"comment_status":"closed","ping_status":"closed","template":"","meta":{"_monsterinsights_skip_tracking":false,"_monsterinsights_sitenote_active":false,"_monsterinsights_sitenote_note":"","_monsterinsights_sitenote_category":0,"ngg_post_thumbnail":0,"footnotes":""},"class_list":["post-4569","page","type-page","status-publish","hentry"],"yoast_head":"<!-- This site is optimized with the Yoast SEO plugin v27.6 - https:\/\/yoast.com\/product\/yoast-seo-wordpress\/ -->\n<title>Ekipa \u0160KD Krim - \u0160KD KRIM<\/title>\n<meta name=\"robots\" content=\"index, follow, max-snippet:-1, max-image-preview:large, max-video-preview:-1\" \/>\n<link rel=\"canonical\" href=\"https:\/\/www.kd-krim.si\/wp\/ekipa-skd-krim\/\" \/>\n<meta property=\"og:locale\" content=\"sl_SI\" \/>\n<meta property=\"og:type\" content=\"article\" \/>\n<meta property=\"og:title\" content=\"Ekipa \u0160KD Krim - \u0160KD KRIM\" \/>\n<meta property=\"og:url\" content=\"https:\/\/www.kd-krim.si\/wp\/ekipa-skd-krim\/\" \/>\n<meta property=\"og:site_name\" content=\"\u0160KD KRIM\" \/>\n<meta property=\"article:publisher\" content=\"https:\/\/www.facebook.com\/skdkrim\/\" \/>\n<meta name=\"twitter:card\" content=\"summary_large_image\" \/>\n<script type=\"application\/ld+json\" class=\"yoast-schema-graph\">{\"@context\":\"https:\\\/\\\/schema.org\",\"@graph\":[{\"@type\":\"WebPage\",\"@id\":\"https:\\\/\\\/www.kd-krim.si\\\/wp\\\/ekipa-skd-krim\\\/\",\"url\":\"https:\\\/\\\/www.kd-krim.si\\\/wp\\\/ekipa-skd-krim\\\/\",\"name\":\"Ekipa \u0160KD Krim - \u0160KD KRIM\",\"isPartOf\":{\"@id\":\"https:\\\/\\\/www.kd-krim.si\\\/wp\\\/#website\"},\"datePublished\":\"2018-02-17T15:58:00+00:00\",\"breadcrumb\":{\"@id\":\"https:\\\/\\\/www.kd-krim.si\\\/wp\\\/ekipa-skd-krim\\\/#breadcrumb\"},\"inLanguage\":\"sl-SI\",\"potentialAction\":[{\"@type\":\"ReadAction\",\"target\":[\"https:\\\/\\\/www.kd-krim.si\\\/wp\\\/ekipa-skd-krim\\\/\"]}]},{\"@type\":\"BreadcrumbList\",\"@id\":\"https:\\\/\\\/www.kd-krim.si\\\/wp\\\/ekipa-skd-krim\\\/#breadcrumb\",\"itemListElement\":[{\"@type\":\"ListItem\",\"position\":1,\"name\":\"Home\",\"item\":\"https:\\\/\\\/www.kd-krim.si\\\/wp\\\/\"},{\"@type\":\"ListItem\",\"position\":2,\"name\":\"Ekipa \u0160KD Krim\"}]},{\"@type\":\"WebSite\",\"@id\":\"https:\\\/\\\/www.kd-krim.si\\\/wp\\\/#website\",\"url\":\"https:\\\/\\\/www.kd-krim.si\\\/wp\\\/\",\"name\":\"\u0160KD KRIM\",\"description\":\"\u0160portno kinolo\u0161ko dru\u0161tvo Krim\",\"publisher\":{\"@id\":\"https:\\\/\\\/www.kd-krim.si\\\/wp\\\/#organization\"},\"potentialAction\":[{\"@type\":\"SearchAction\",\"target\":{\"@type\":\"EntryPoint\",\"urlTemplate\":\"https:\\\/\\\/www.kd-krim.si\\\/wp\\\/?s={search_term_string}\"},\"query-input\":{\"@type\":\"PropertyValueSpecification\",\"valueRequired\":true,\"valueName\":\"search_term_string\"}}],\"inLanguage\":\"sl-SI\"},{\"@type\":\"Organization\",\"@id\":\"https:\\\/\\\/www.kd-krim.si\\\/wp\\\/#organization\",\"name\":\"\u0160KD Krim\",\"url\":\"https:\\\/\\\/www.kd-krim.si\\\/wp\\\/\",\"logo\":{\"@type\":\"ImageObject\",\"inLanguage\":\"sl-SI\",\"@id\":\"https:\\\/\\\/www.kd-krim.si\\\/wp\\\/#\\\/schema\\\/logo\\\/image\\\/\",\"url\":\"https:\\\/\\\/www.kd-krim.si\\\/wp\\\/wp-content\\\/uploads\\\/2018\\\/02\\\/logoskdkrim.png\",\"contentUrl\":\"https:\\\/\\\/www.kd-krim.si\\\/wp\\\/wp-content\\\/uploads\\\/2018\\\/02\\\/logoskdkrim.png\",\"width\":162,\"height\":184,\"caption\":\"\u0160KD Krim\"},\"image\":{\"@id\":\"https:\\\/\\\/www.kd-krim.si\\\/wp\\\/#\\\/schema\\\/logo\\\/image\\\/\"},\"sameAs\":[\"https:\\\/\\\/www.facebook.com\\\/skdkrim\\\/\"]}]}<\/script>\n<!-- \/ Yoast SEO plugin. -->","yoast_head_json":{"title":"Ekipa \u0160KD Krim - \u0160KD KRIM","robots":{"index":"index","follow":"follow","max-snippet":"max-snippet:-1","max-image-preview":"max-image-preview:large","max-video-preview":"max-video-preview:-1"},"canonical":"https:\/\/www.kd-krim.si\/wp\/ekipa-skd-krim\/","og_locale":"sl_SI","og_type":"article","og_title":"Ekipa \u0160KD Krim - \u0160KD KRIM","og_url":"https:\/\/www.kd-krim.si\/wp\/ekipa-skd-krim\/","og_site_name":"\u0160KD KRIM","article_publisher":"https:\/\/www.facebook.com\/skdkrim\/","twitter_card":"summary_large_image","schema":{"@context":"https:\/\/schema.org","@graph":[{"@type":"WebPage","@id":"https:\/\/www.kd-krim.si\/wp\/ekipa-skd-krim\/","url":"https:\/\/www.kd-krim.si\/wp\/ekipa-skd-krim\/","name":"Ekipa \u0160KD Krim - \u0160KD KRIM","isPartOf":{"@id":"https:\/\/www.kd-krim.si\/wp\/#website"},"datePublished":"2018-02-17T15:58:00+00:00","breadcrumb":{"@id":"https:\/\/www.kd-krim.si\/wp\/ekipa-skd-krim\/#breadcrumb"},"inLanguage":"sl-SI","potentialAction":[{"@type":"ReadAction","target":["https:\/\/www.kd-krim.si\/wp\/ekipa-skd-krim\/"]}]},{"@type":"BreadcrumbList","@id":"https:\/\/www.kd-krim.si\/wp\/ekipa-skd-krim\/#breadcrumb","itemListElement":[{"@type":"ListItem","position":1,"name":"Home","item":"https:\/\/www.kd-krim.si\/wp\/"},{"@type":"ListItem","position":2,"name":"Ekipa \u0160KD Krim"}]},{"@type":"WebSite","@id":"https:\/\/www.kd-krim.si\/wp\/#website","url":"https:\/\/www.kd-krim.si\/wp\/","name":"\u0160KD KRIM","description":"\u0160portno kinolo\u0161ko dru\u0161tvo Krim","publisher":{"@id":"https:\/\/www.kd-krim.si\/wp\/#organization"},"potentialAction":[{"@type":"SearchAction","target":{"@type":"EntryPoint","urlTemplate":"https:\/\/www.kd-krim.si\/wp\/?s={search_term_string}"},"query-input":{"@type":"PropertyValueSpecification","valueRequired":true,"valueName":"search_term_string"}}],"inLanguage":"sl-SI"},{"@type":"Organization","@id":"https:\/\/www.kd-krim.si\/wp\/#organization","name":"\u0160KD Krim","url":"https:\/\/www.kd-krim.si\/wp\/","logo":{"@type":"ImageObject","inLanguage":"sl-SI","@id":"https:\/\/www.kd-krim.si\/wp\/#\/schema\/logo\/image\/","url":"https:\/\/www.kd-krim.si\/wp\/wp-content\/uploads\/2018\/02\/logoskdkrim.png","contentUrl":"https:\/\/www.kd-krim.si\/wp\/wp-content\/uploads\/2018\/02\/logoskdkrim.png","width":162,"height":184,"caption":"\u0160KD Krim"},"image":{"@id":"https:\/\/www.kd-krim.si\/wp\/#\/schema\/logo\/image\/"},"sameAs":["https:\/\/www.facebook.com\/skdkrim\/"]}]}},"_links":{"self":[{"href":"https:\/\/www.kd-krim.si\/wp\/wp-json\/wp\/v2\/pages\/4569","targetHints":{"allow":["GET"]}}],"collection":[{"href":"https:\/\/www.kd-krim.si\/wp\/wp-json\/wp\/v2\/pages"}],"about":[{"href":"https:\/\/www.kd-krim.si\/wp\/wp-json\/wp\/v2\/types\/page"}],"author":[{"embeddable":true,"href":"https:\/\/www.kd-krim.si\/wp\/wp-json\/wp\/v2\/users\/8"}],"replies":[{"embeddable":true,"href":"https:\/\/www.kd-krim.si\/wp\/wp-json\/wp\/v2\/comments?post=4569"}],"version-history":[{"count":1,"href":"https:\/\/www.kd-krim.si\/wp\/wp-json\/wp\/v2\/pages\/4569\/revisions"}],"predecessor-version":[{"id":4570,"href":"https:\/\/www.kd-krim.si\/wp\/wp-json\/wp\/v2\/pages\/4569\/revisions\/4570"}],"wp:attachment":[{"href":"https:\/\/www.kd-krim.si\/wp\/wp-json\/wp\/v2\/media?parent=4569"}],"curies":[{"name":"wp","href":"https:\/\/api.w.org\/{rel}","templated":true}]}}